{"id":18253,"date":"2023-04-04T11:40:36","date_gmt":"2023-04-04T09:40:36","guid":{"rendered":"https:\/\/santalahti.fi\/kotka-accommodation-offers\/frisbeegolf\/"},"modified":"2025-08-29T17:32:55","modified_gmt":"2025-08-29T15:32:55","slug":"discgolf","status":"publish","type":"page","link":"https:\/\/santalahti.fi\/en\/kotka-accommodation-offers\/discgolf\/","title":{"rendered":"Free disc golf for residents"},"content":{"rendered":"","protected":false},"excerpt":{"rendered":"","protected":false},"author":7,"featured_media":17646,"parent":1304,"menu_order":0,"comment_status":"closed","ping_status":"closed","template":"","meta":{"_acf_changed":false,"footnotes":""},"class_list":["post-18253","page","type-page","status-publish","has-post-thumbnail","hentry"],"acf":[],"yoast_head":"<!-- This site is optimized with the Yoast SEO plugin v27.0 - https:\/\/yoast.com\/product\/yoast-seo-wordpress\/ -->\n<title>Free disc golf for guests, play as much as you can<\/title>\n<meta name=\"description\" content=\"Disc golf is free for Santalahti Resort guests! Play as much as you can. Premium Disc Golf Santalahti Resort - Kotka\" \/>\n<meta name=\"robots\" content=\"noindex, nofollow\" \/>\n<meta property=\"og:locale\" content=\"en_US\" \/>\n<meta property=\"og:type\" content=\"article\" \/>\n<meta property=\"og:title\" content=\"Free disc golf for guests, play as much as you can\" \/>\n<meta property=\"og:description\" content=\"Disc golf is free for Santalahti Resort guests! Play as much as you can. Premium Disc Golf Santalahti Resort - Kotka\" \/>\n<meta property=\"og:url\" content=\"https:\/\/santalahti.fi\/en\/kotka-accommodation-offers\/discgolf\/\" \/>\n<meta property=\"og:site_name\" content=\"Santalahti Resort\" \/>\n<meta property=\"article:publisher\" content=\"https:\/\/www.facebook.com\/SantalahtiResort\/\" \/>\n<meta property=\"article:modified_time\" content=\"2025-08-29T15:32:55+00:00\" \/>\n<meta property=\"og:image\" content=\"https:\/\/santalahti.fi\/wp-content\/uploads\/2025\/05\/Frisbeegolf.jpg\" \/>\n\t<meta property=\"og:image:width\" content=\"1793\" \/>\n\t<meta property=\"og:image:height\" content=\"1003\" \/>\n\t<meta property=\"og:image:type\" content=\"image\/jpeg\" \/>\n<meta name=\"twitter:card\" content=\"summary_large_image\" \/>\n<meta name=\"twitter:label1\" content=\"Est. reading time\" \/>\n\t<meta name=\"twitter:data1\" content=\"1 minute\" \/>\n<script type=\"application\/ld+json\" class=\"yoast-schema-graph\">{\"@context\":\"https:\/\/schema.org\",\"@graph\":[{\"@type\":\"WebPage\",\"@id\":\"https:\/\/santalahti.fi\/en\/kotka-accommodation-offers\/discgolf\/\",\"url\":\"https:\/\/santalahti.fi\/en\/kotka-accommodation-offers\/discgolf\/\",\"name\":\"Free disc golf for guests, play as much as you can\",\"isPartOf\":{\"@id\":\"https:\/\/santalahti.fi\/#website\"},\"primaryImageOfPage\":{\"@id\":\"https:\/\/santalahti.fi\/en\/kotka-accommodation-offers\/discgolf\/#primaryimage\"},\"image\":{\"@id\":\"https:\/\/santalahti.fi\/en\/kotka-accommodation-offers\/discgolf\/#primaryimage\"},\"thumbnailUrl\":\"https:\/\/santalahti.fi\/wp-content\/uploads\/2025\/05\/Frisbeegolf.jpg\",\"datePublished\":\"2023-04-04T09:40:36+00:00\",\"dateModified\":\"2025-08-29T15:32:55+00:00\",\"description\":\"Disc golf is free for Santalahti Resort guests! Play as much as you can. Premium Disc Golf Santalahti Resort - Kotka\",\"breadcrumb\":{\"@id\":\"https:\/\/santalahti.fi\/en\/kotka-accommodation-offers\/discgolf\/#breadcrumb\"},\"inLanguage\":\"en-US\",\"potentialAction\":[{\"@type\":\"ReadAction\",\"target\":[\"https:\/\/santalahti.fi\/en\/kotka-accommodation-offers\/discgolf\/\"]}]},{\"@type\":\"ImageObject\",\"inLanguage\":\"en-US\",\"@id\":\"https:\/\/santalahti.fi\/en\/kotka-accommodation-offers\/discgolf\/#primaryimage\",\"url\":\"https:\/\/santalahti.fi\/wp-content\/uploads\/2025\/05\/Frisbeegolf.jpg\",\"contentUrl\":\"https:\/\/santalahti.fi\/wp-content\/uploads\/2025\/05\/Frisbeegolf.jpg\",\"width\":1793,\"height\":1003},{\"@type\":\"BreadcrumbList\",\"@id\":\"https:\/\/santalahti.fi\/en\/kotka-accommodation-offers\/discgolf\/#breadcrumb\",\"itemListElement\":[{\"@type\":\"ListItem\",\"position\":1,\"name\":\"Home\",\"item\":\"https:\/\/santalahti.fi\/en\/\"},{\"@type\":\"ListItem\",\"position\":2,\"name\":\"Offers\",\"item\":\"https:\/\/santalahti.fi\/en\/kotka-accommodation-offers\/\"},{\"@type\":\"ListItem\",\"position\":3,\"name\":\"Free disc golf for residents\"}]},{\"@type\":\"WebSite\",\"@id\":\"https:\/\/santalahti.fi\/#website\",\"url\":\"https:\/\/santalahti.fi\/\",\"name\":\"Santalahti Resort\",\"description\":\"Official site, Kotka, viiden t\u00e4hden lomakeskus ja leirint\u00e4alue merenrannalla, Etel\u00e4-Suomi\",\"publisher\":{\"@id\":\"https:\/\/santalahti.fi\/#organization\"},\"potentialAction\":[{\"@type\":\"SearchAction\",\"target\":{\"@type\":\"EntryPoint\",\"urlTemplate\":\"https:\/\/santalahti.fi\/?s={search_term_string}\"},\"query-input\":{\"@type\":\"PropertyValueSpecification\",\"valueRequired\":true,\"valueName\":\"search_term_string\"}}],\"inLanguage\":\"en-US\"},{\"@type\":\"Organization\",\"@id\":\"https:\/\/santalahti.fi\/#organization\",\"name\":\"Santalahti Resort\",\"url\":\"https:\/\/santalahti.fi\/\",\"logo\":{\"@type\":\"ImageObject\",\"inLanguage\":\"en-US\",\"@id\":\"https:\/\/santalahti.fi\/#\/schema\/logo\/image\/\",\"url\":\"https:\/\/santalahti.fi\/wp-content\/uploads\/2024\/02\/Santalahti_resort_logo_200.png\",\"contentUrl\":\"https:\/\/santalahti.fi\/wp-content\/uploads\/2024\/02\/Santalahti_resort_logo_200.png\",\"width\":200,\"height\":190,\"caption\":\"Santalahti Resort\"},\"image\":{\"@id\":\"https:\/\/santalahti.fi\/#\/schema\/logo\/image\/\"},\"sameAs\":[\"https:\/\/www.facebook.com\/SantalahtiResort\/\",\"https:\/\/www.instagram.com\/santalahtiresort\/\",\"https:\/\/www.youtube.com\/channel\/UCmu7j89D8rz2eaZU21Aq9Ew\"]}]}<\/script>\n<!-- \/ Yoast SEO plugin. -->","yoast_head_json":{"title":"Free disc golf for guests, play as much as you can","description":"Disc golf is free for Santalahti Resort guests! Play as much as you can. Premium Disc Golf Santalahti Resort - Kotka","robots":{"index":"noindex","follow":"nofollow"},"og_locale":"en_US","og_type":"article","og_title":"Free disc golf for guests, play as much as you can","og_description":"Disc golf is free for Santalahti Resort guests! Play as much as you can. Premium Disc Golf Santalahti Resort - Kotka","og_url":"https:\/\/santalahti.fi\/en\/kotka-accommodation-offers\/discgolf\/","og_site_name":"Santalahti Resort","article_publisher":"https:\/\/www.facebook.com\/SantalahtiResort\/","article_modified_time":"2025-08-29T15:32:55+00:00","og_image":[{"width":1793,"height":1003,"url":"https:\/\/santalahti.fi\/wp-content\/uploads\/2025\/05\/Frisbeegolf.jpg","type":"image\/jpeg"}],"twitter_card":"summary_large_image","twitter_misc":{"Est. reading time":"1 minute"},"schema":{"@context":"https:\/\/schema.org","@graph":[{"@type":"WebPage","@id":"https:\/\/santalahti.fi\/en\/kotka-accommodation-offers\/discgolf\/","url":"https:\/\/santalahti.fi\/en\/kotka-accommodation-offers\/discgolf\/","name":"Free disc golf for guests, play as much as you can","isPartOf":{"@id":"https:\/\/santalahti.fi\/#website"},"primaryImageOfPage":{"@id":"https:\/\/santalahti.fi\/en\/kotka-accommodation-offers\/discgolf\/#primaryimage"},"image":{"@id":"https:\/\/santalahti.fi\/en\/kotka-accommodation-offers\/discgolf\/#primaryimage"},"thumbnailUrl":"https:\/\/santalahti.fi\/wp-content\/uploads\/2025\/05\/Frisbeegolf.jpg","datePublished":"2023-04-04T09:40:36+00:00","dateModified":"2025-08-29T15:32:55+00:00","description":"Disc golf is free for Santalahti Resort guests! Play as much as you can. Premium Disc Golf Santalahti Resort - Kotka","breadcrumb":{"@id":"https:\/\/santalahti.fi\/en\/kotka-accommodation-offers\/discgolf\/#breadcrumb"},"inLanguage":"en-US","potentialAction":[{"@type":"ReadAction","target":["https:\/\/santalahti.fi\/en\/kotka-accommodation-offers\/discgolf\/"]}]},{"@type":"ImageObject","inLanguage":"en-US","@id":"https:\/\/santalahti.fi\/en\/kotka-accommodation-offers\/discgolf\/#primaryimage","url":"https:\/\/santalahti.fi\/wp-content\/uploads\/2025\/05\/Frisbeegolf.jpg","contentUrl":"https:\/\/santalahti.fi\/wp-content\/uploads\/2025\/05\/Frisbeegolf.jpg","width":1793,"height":1003},{"@type":"BreadcrumbList","@id":"https:\/\/santalahti.fi\/en\/kotka-accommodation-offers\/discgolf\/#breadcrumb","itemListElement":[{"@type":"ListItem","position":1,"name":"Home","item":"https:\/\/santalahti.fi\/en\/"},{"@type":"ListItem","position":2,"name":"Offers","item":"https:\/\/santalahti.fi\/en\/kotka-accommodation-offers\/"},{"@type":"ListItem","position":3,"name":"Free disc golf for residents"}]},{"@type":"WebSite","@id":"https:\/\/santalahti.fi\/#website","url":"https:\/\/santalahti.fi\/","name":"Santalahti Resort","description":"Official site, Kotka, viiden t\u00e4hden lomakeskus ja leirint\u00e4alue merenrannalla, Etel\u00e4-Suomi","publisher":{"@id":"https:\/\/santalahti.fi\/#organization"},"potentialAction":[{"@type":"SearchAction","target":{"@type":"EntryPoint","urlTemplate":"https:\/\/santalahti.fi\/?s={search_term_string}"},"query-input":{"@type":"PropertyValueSpecification","valueRequired":true,"valueName":"search_term_string"}}],"inLanguage":"en-US"},{"@type":"Organization","@id":"https:\/\/santalahti.fi\/#organization","name":"Santalahti Resort","url":"https:\/\/santalahti.fi\/","logo":{"@type":"ImageObject","inLanguage":"en-US","@id":"https:\/\/santalahti.fi\/#\/schema\/logo\/image\/","url":"https:\/\/santalahti.fi\/wp-content\/uploads\/2024\/02\/Santalahti_resort_logo_200.png","contentUrl":"https:\/\/santalahti.fi\/wp-content\/uploads\/2024\/02\/Santalahti_resort_logo_200.png","width":200,"height":190,"caption":"Santalahti Resort"},"image":{"@id":"https:\/\/santalahti.fi\/#\/schema\/logo\/image\/"},"sameAs":["https:\/\/www.facebook.com\/SantalahtiResort\/","https:\/\/www.instagram.com\/santalahtiresort\/","https:\/\/www.youtube.com\/channel\/UCmu7j89D8rz2eaZU21Aq9Ew"]}]}},"_links":{"self":[{"href":"https:\/\/santalahti.fi\/en\/wp-json\/wp\/v2\/pages\/18253","targetHints":{"allow":["GET"]}}],"collection":[{"href":"https:\/\/santalahti.fi\/en\/wp-json\/wp\/v2\/pages"}],"about":[{"href":"https:\/\/santalahti.fi\/en\/wp-json\/wp\/v2\/types\/page"}],"author":[{"embeddable":true,"href":"https:\/\/santalahti.fi\/en\/wp-json\/wp\/v2\/users\/7"}],"replies":[{"embeddable":true,"href":"https:\/\/santalahti.fi\/en\/wp-json\/wp\/v2\/comments?post=18253"}],"version-history":[{"count":2,"href":"https:\/\/santalahti.fi\/en\/wp-json\/wp\/v2\/pages\/18253\/revisions"}],"predecessor-version":[{"id":18255,"href":"https:\/\/santalahti.fi\/en\/wp-json\/wp\/v2\/pages\/18253\/revisions\/18255"}],"up":[{"embeddable":true,"href":"https:\/\/santalahti.fi\/en\/wp-json\/wp\/v2\/pages\/1304"}],"wp:featuredmedia":[{"embeddable":true,"href":"https:\/\/santalahti.fi\/en\/wp-json\/wp\/v2\/media\/17646"}],"wp:attachment":[{"href":"https:\/\/santalahti.fi\/en\/wp-json\/wp\/v2\/media?parent=18253"}],"curies":[{"name":"wp","href":"https:\/\/api.w.org\/{rel}","templated":true}]}}