{"id":1532,"date":"2018-12-18T08:05:09","date_gmt":"2018-12-18T08:05:09","guid":{"rendered":"https:\/\/santalahti.fi\/?page_id=1532"},"modified":"2024-12-19T12:14:17","modified_gmt":"2024-12-19T10:14:17","slug":"feel-good-santalahti-conference-package","status":"publish","type":"page","link":"https:\/\/santalahti.fi\/en\/conference-packages\/feel-good-santalahti-conference-package\/","title":{"rendered":"Full day with Cave Sauna Spa"},"content":{"rendered":"","protected":false},"excerpt":{"rendered":"","protected":false},"author":4,"featured_media":979,"parent":1530,"menu_order":0,"comment_status":"closed","ping_status":"closed","template":"","meta":{"_acf_changed":false,"footnotes":""},"class_list":["post-1532","page","type-page","status-publish","has-post-thumbnail","hentry"],"acf":[],"yoast_head":"<!-- This site is optimized with the Yoast SEO plugin v27.0 - https:\/\/yoast.com\/product\/yoast-seo-wordpress\/ -->\n<title>Feel good santalahti conference package - Santalahti Resort<\/title>\n<meta name=\"description\" content=\"Feel good santalahti conference package - Santalahti five star family owned resort by the sea - Kotka Finland\" \/>\n<meta name=\"robots\" content=\"index, follow, max-snippet:-1, max-image-preview:large, max-video-preview:-1\" \/>\n<link rel=\"canonical\" href=\"https:\/\/santalahti.fi\/kokouspaketit\/hyvan-olon-kokouspaketti-ja-nautiskelua-luolasaunamaailmassa\/\" \/>\n<meta property=\"og:locale\" content=\"en_US\" \/>\n<meta property=\"og:type\" content=\"article\" \/>\n<meta property=\"og:title\" content=\"Feel good santalahti conference package - Santalahti Resort\" \/>\n<meta property=\"og:description\" content=\"Feel good santalahti conference package - Santalahti five star family owned resort by the sea - Kotka Finland\" \/>\n<meta property=\"og:url\" content=\"https:\/\/santalahti.fi\/kokouspaketit\/hyvan-olon-kokouspaketti-ja-nautiskelua-luolasaunamaailmassa\/\" \/>\n<meta property=\"og:site_name\" content=\"Santalahti Resort\" \/>\n<meta property=\"article:publisher\" content=\"https:\/\/www.facebook.com\/SantalahtiResort\/\" \/>\n<meta property=\"article:modified_time\" content=\"2024-12-19T10:14:17+00:00\" \/>\n<meta property=\"og:image\" content=\"https:\/\/santalahti.fi\/wp-content\/uploads\/2018\/12\/Cave_Sauna_Spa_Santalahti.jpg\" \/>\n\t<meta property=\"og:image:width\" content=\"1023\" \/>\n\t<meta property=\"og:image:height\" content=\"576\" \/>\n\t<meta property=\"og:image:type\" content=\"image\/jpeg\" \/>\n<meta name=\"twitter:card\" content=\"summary_large_image\" \/>\n<meta name=\"twitter:label1\" content=\"Est. reading time\" \/>\n\t<meta name=\"twitter:data1\" content=\"1 minute\" \/>\n<script type=\"application\/ld+json\" class=\"yoast-schema-graph\">{\"@context\":\"https:\/\/schema.org\",\"@graph\":[{\"@type\":\"WebPage\",\"@id\":\"https:\/\/santalahti.fi\/kokouspaketit\/hyvan-olon-kokouspaketti-ja-nautiskelua-luolasaunamaailmassa\/\",\"url\":\"https:\/\/santalahti.fi\/kokouspaketit\/hyvan-olon-kokouspaketti-ja-nautiskelua-luolasaunamaailmassa\/\",\"name\":\"Feel good santalahti conference package - Santalahti Resort\",\"isPartOf\":{\"@id\":\"https:\/\/santalahti.fi\/#website\"},\"primaryImageOfPage\":{\"@id\":\"https:\/\/santalahti.fi\/kokouspaketit\/hyvan-olon-kokouspaketti-ja-nautiskelua-luolasaunamaailmassa\/#primaryimage\"},\"image\":{\"@id\":\"https:\/\/santalahti.fi\/kokouspaketit\/hyvan-olon-kokouspaketti-ja-nautiskelua-luolasaunamaailmassa\/#primaryimage\"},\"thumbnailUrl\":\"https:\/\/santalahti.fi\/wp-content\/uploads\/2018\/12\/Cave_Sauna_Spa_Santalahti.jpg\",\"datePublished\":\"2018-12-18T08:05:09+00:00\",\"dateModified\":\"2024-12-19T10:14:17+00:00\",\"description\":\"Feel good santalahti conference package - Santalahti five star family owned resort by the sea - Kotka Finland\",\"breadcrumb\":{\"@id\":\"https:\/\/santalahti.fi\/kokouspaketit\/hyvan-olon-kokouspaketti-ja-nautiskelua-luolasaunamaailmassa\/#breadcrumb\"},\"inLanguage\":\"en-US\",\"potentialAction\":[{\"@type\":\"ReadAction\",\"target\":[\"https:\/\/santalahti.fi\/kokouspaketit\/hyvan-olon-kokouspaketti-ja-nautiskelua-luolasaunamaailmassa\/\"]}]},{\"@type\":\"ImageObject\",\"inLanguage\":\"en-US\",\"@id\":\"https:\/\/santalahti.fi\/kokouspaketit\/hyvan-olon-kokouspaketti-ja-nautiskelua-luolasaunamaailmassa\/#primaryimage\",\"url\":\"https:\/\/santalahti.fi\/wp-content\/uploads\/2018\/12\/Cave_Sauna_Spa_Santalahti.jpg\",\"contentUrl\":\"https:\/\/santalahti.fi\/wp-content\/uploads\/2018\/12\/Cave_Sauna_Spa_Santalahti.jpg\",\"width\":1023,\"height\":576,\"caption\":\"Cave Sauna Spa\"},{\"@type\":\"BreadcrumbList\",\"@id\":\"https:\/\/santalahti.fi\/kokouspaketit\/hyvan-olon-kokouspaketti-ja-nautiskelua-luolasaunamaailmassa\/#breadcrumb\",\"itemListElement\":[{\"@type\":\"ListItem\",\"position\":1,\"name\":\"Home\",\"item\":\"https:\/\/santalahti.fi\/en\/\"},{\"@type\":\"ListItem\",\"position\":2,\"name\":\"Ready packages\",\"item\":\"https:\/\/santalahti.fi\/en\/conference-packages\/\"},{\"@type\":\"ListItem\",\"position\":3,\"name\":\"Full day with Cave Sauna Spa\"}]},{\"@type\":\"WebSite\",\"@id\":\"https:\/\/santalahti.fi\/#website\",\"url\":\"https:\/\/santalahti.fi\/\",\"name\":\"Santalahti Resort\",\"description\":\"Official site, Kotka, viiden t\u00e4hden lomakeskus ja leirint\u00e4alue merenrannalla, Etel\u00e4-Suomi\",\"publisher\":{\"@id\":\"https:\/\/santalahti.fi\/#organization\"},\"potentialAction\":[{\"@type\":\"SearchAction\",\"target\":{\"@type\":\"EntryPoint\",\"urlTemplate\":\"https:\/\/santalahti.fi\/?s={search_term_string}\"},\"query-input\":{\"@type\":\"PropertyValueSpecification\",\"valueRequired\":true,\"valueName\":\"search_term_string\"}}],\"inLanguage\":\"en-US\"},{\"@type\":\"Organization\",\"@id\":\"https:\/\/santalahti.fi\/#organization\",\"name\":\"Santalahti Resort\",\"url\":\"https:\/\/santalahti.fi\/\",\"logo\":{\"@type\":\"ImageObject\",\"inLanguage\":\"en-US\",\"@id\":\"https:\/\/santalahti.fi\/#\/schema\/logo\/image\/\",\"url\":\"https:\/\/santalahti.fi\/wp-content\/uploads\/2024\/02\/Santalahti_resort_logo_200.png\",\"contentUrl\":\"https:\/\/santalahti.fi\/wp-content\/uploads\/2024\/02\/Santalahti_resort_logo_200.png\",\"width\":200,\"height\":190,\"caption\":\"Santalahti Resort\"},\"image\":{\"@id\":\"https:\/\/santalahti.fi\/#\/schema\/logo\/image\/\"},\"sameAs\":[\"https:\/\/www.facebook.com\/SantalahtiResort\/\",\"https:\/\/www.instagram.com\/santalahtiresort\/\",\"https:\/\/www.youtube.com\/channel\/UCmu7j89D8rz2eaZU21Aq9Ew\"]}]}<\/script>\n<!-- \/ Yoast SEO plugin. -->","yoast_head_json":{"title":"Feel good santalahti conference package - Santalahti Resort","description":"Feel good santalahti conference package - Santalahti five star family owned resort by the sea - Kotka Finland","robots":{"index":"index","follow":"follow","max-snippet":"max-snippet:-1","max-image-preview":"max-image-preview:large","max-video-preview":"max-video-preview:-1"},"canonical":"https:\/\/santalahti.fi\/kokouspaketit\/hyvan-olon-kokouspaketti-ja-nautiskelua-luolasaunamaailmassa\/","og_locale":"en_US","og_type":"article","og_title":"Feel good santalahti conference package - Santalahti Resort","og_description":"Feel good santalahti conference package - Santalahti five star family owned resort by the sea - Kotka Finland","og_url":"https:\/\/santalahti.fi\/kokouspaketit\/hyvan-olon-kokouspaketti-ja-nautiskelua-luolasaunamaailmassa\/","og_site_name":"Santalahti Resort","article_publisher":"https:\/\/www.facebook.com\/SantalahtiResort\/","article_modified_time":"2024-12-19T10:14:17+00:00","og_image":[{"width":1023,"height":576,"url":"https:\/\/santalahti.fi\/wp-content\/uploads\/2018\/12\/Cave_Sauna_Spa_Santalahti.jpg","type":"image\/jpeg"}],"twitter_card":"summary_large_image","twitter_misc":{"Est. reading time":"1 minute"},"schema":{"@context":"https:\/\/schema.org","@graph":[{"@type":"WebPage","@id":"https:\/\/santalahti.fi\/kokouspaketit\/hyvan-olon-kokouspaketti-ja-nautiskelua-luolasaunamaailmassa\/","url":"https:\/\/santalahti.fi\/kokouspaketit\/hyvan-olon-kokouspaketti-ja-nautiskelua-luolasaunamaailmassa\/","name":"Feel good santalahti conference package - Santalahti Resort","isPartOf":{"@id":"https:\/\/santalahti.fi\/#website"},"primaryImageOfPage":{"@id":"https:\/\/santalahti.fi\/kokouspaketit\/hyvan-olon-kokouspaketti-ja-nautiskelua-luolasaunamaailmassa\/#primaryimage"},"image":{"@id":"https:\/\/santalahti.fi\/kokouspaketit\/hyvan-olon-kokouspaketti-ja-nautiskelua-luolasaunamaailmassa\/#primaryimage"},"thumbnailUrl":"https:\/\/santalahti.fi\/wp-content\/uploads\/2018\/12\/Cave_Sauna_Spa_Santalahti.jpg","datePublished":"2018-12-18T08:05:09+00:00","dateModified":"2024-12-19T10:14:17+00:00","description":"Feel good santalahti conference package - Santalahti five star family owned resort by the sea - Kotka Finland","breadcrumb":{"@id":"https:\/\/santalahti.fi\/kokouspaketit\/hyvan-olon-kokouspaketti-ja-nautiskelua-luolasaunamaailmassa\/#breadcrumb"},"inLanguage":"en-US","potentialAction":[{"@type":"ReadAction","target":["https:\/\/santalahti.fi\/kokouspaketit\/hyvan-olon-kokouspaketti-ja-nautiskelua-luolasaunamaailmassa\/"]}]},{"@type":"ImageObject","inLanguage":"en-US","@id":"https:\/\/santalahti.fi\/kokouspaketit\/hyvan-olon-kokouspaketti-ja-nautiskelua-luolasaunamaailmassa\/#primaryimage","url":"https:\/\/santalahti.fi\/wp-content\/uploads\/2018\/12\/Cave_Sauna_Spa_Santalahti.jpg","contentUrl":"https:\/\/santalahti.fi\/wp-content\/uploads\/2018\/12\/Cave_Sauna_Spa_Santalahti.jpg","width":1023,"height":576,"caption":"Cave Sauna Spa"},{"@type":"BreadcrumbList","@id":"https:\/\/santalahti.fi\/kokouspaketit\/hyvan-olon-kokouspaketti-ja-nautiskelua-luolasaunamaailmassa\/#breadcrumb","itemListElement":[{"@type":"ListItem","position":1,"name":"Home","item":"https:\/\/santalahti.fi\/en\/"},{"@type":"ListItem","position":2,"name":"Ready packages","item":"https:\/\/santalahti.fi\/en\/conference-packages\/"},{"@type":"ListItem","position":3,"name":"Full day with Cave Sauna Spa"}]},{"@type":"WebSite","@id":"https:\/\/santalahti.fi\/#website","url":"https:\/\/santalahti.fi\/","name":"Santalahti Resort","description":"Official site, Kotka, viiden t\u00e4hden lomakeskus ja leirint\u00e4alue merenrannalla, Etel\u00e4-Suomi","publisher":{"@id":"https:\/\/santalahti.fi\/#organization"},"potentialAction":[{"@type":"SearchAction","target":{"@type":"EntryPoint","urlTemplate":"https:\/\/santalahti.fi\/?s={search_term_string}"},"query-input":{"@type":"PropertyValueSpecification","valueRequired":true,"valueName":"search_term_string"}}],"inLanguage":"en-US"},{"@type":"Organization","@id":"https:\/\/santalahti.fi\/#organization","name":"Santalahti Resort","url":"https:\/\/santalahti.fi\/","logo":{"@type":"ImageObject","inLanguage":"en-US","@id":"https:\/\/santalahti.fi\/#\/schema\/logo\/image\/","url":"https:\/\/santalahti.fi\/wp-content\/uploads\/2024\/02\/Santalahti_resort_logo_200.png","contentUrl":"https:\/\/santalahti.fi\/wp-content\/uploads\/2024\/02\/Santalahti_resort_logo_200.png","width":200,"height":190,"caption":"Santalahti Resort"},"image":{"@id":"https:\/\/santalahti.fi\/#\/schema\/logo\/image\/"},"sameAs":["https:\/\/www.facebook.com\/SantalahtiResort\/","https:\/\/www.instagram.com\/santalahtiresort\/","https:\/\/www.youtube.com\/channel\/UCmu7j89D8rz2eaZU21Aq9Ew"]}]}},"_links":{"self":[{"href":"https:\/\/santalahti.fi\/en\/wp-json\/wp\/v2\/pages\/1532","targetHints":{"allow":["GET"]}}],"collection":[{"href":"https:\/\/santalahti.fi\/en\/wp-json\/wp\/v2\/pages"}],"about":[{"href":"https:\/\/santalahti.fi\/en\/wp-json\/wp\/v2\/types\/page"}],"author":[{"embeddable":true,"href":"https:\/\/santalahti.fi\/en\/wp-json\/wp\/v2\/users\/4"}],"replies":[{"embeddable":true,"href":"https:\/\/santalahti.fi\/en\/wp-json\/wp\/v2\/comments?post=1532"}],"version-history":[{"count":22,"href":"https:\/\/santalahti.fi\/en\/wp-json\/wp\/v2\/pages\/1532\/revisions"}],"predecessor-version":[{"id":17240,"href":"https:\/\/santalahti.fi\/en\/wp-json\/wp\/v2\/pages\/1532\/revisions\/17240"}],"up":[{"embeddable":true,"href":"https:\/\/santalahti.fi\/en\/wp-json\/wp\/v2\/pages\/1530"}],"wp:featuredmedia":[{"embeddable":true,"href":"https:\/\/santalahti.fi\/en\/wp-json\/wp\/v2\/media\/979"}],"wp:attachment":[{"href":"https:\/\/santalahti.fi\/en\/wp-json\/wp\/v2\/media?parent=1532"}],"curies":[{"name":"wp","href":"https:\/\/api.w.org\/{rel}","templated":true}]}}