{"id":1111,"date":"2018-12-13T09:29:28","date_gmt":"2018-12-13T09:29:28","guid":{"rendered":"https:\/\/santalahti.fi\/?page_id=1111"},"modified":"2026-04-12T15:49:04","modified_gmt":"2026-04-12T13:49:04","slug":"opening-hours","status":"publish","type":"page","link":"https:\/\/santalahti.fi\/en\/opening-hours\/","title":{"rendered":"Opening hours"},"content":{"rendered":"","protected":false},"excerpt":{"rendered":"","protected":false},"author":4,"featured_media":0,"parent":0,"menu_order":0,"comment_status":"closed","ping_status":"closed","template":"","meta":{"_acf_changed":false,"footnotes":""},"class_list":["post-1111","page","type-page","status-publish","hentry"],"acf":[],"yoast_head":"<!-- This site is optimized with the Yoast SEO plugin v27.0 - https:\/\/yoast.com\/product\/yoast-seo-wordpress\/ -->\n<title>Opening hours - Santalahti Resort - Kotka Finland<\/title>\n<meta name=\"description\" content=\"Opening hours Santalahti Resort. We are open all year round, we offer accommodation, restaurant services, saunas and meeting facilities\" \/>\n<meta name=\"robots\" content=\"index, follow, max-snippet:-1, max-image-preview:large, max-video-preview:-1\" \/>\n<link rel=\"canonical\" href=\"https:\/\/santalahti.fi\/en\/opening-hours\/\" \/>\n<meta property=\"og:locale\" content=\"en_US\" \/>\n<meta property=\"og:type\" content=\"article\" \/>\n<meta property=\"og:title\" content=\"Opening hours - Santalahti Resort - Kotka Finland\" \/>\n<meta property=\"og:description\" content=\"Opening hours Santalahti Resort. We are open all year round, we offer accommodation, restaurant services, saunas and meeting facilities\" \/>\n<meta property=\"og:url\" content=\"https:\/\/santalahti.fi\/en\/opening-hours\/\" \/>\n<meta property=\"og:site_name\" content=\"Santalahti Resort\" \/>\n<meta property=\"article:publisher\" content=\"https:\/\/www.facebook.com\/SantalahtiResort\/\" \/>\n<meta property=\"article:modified_time\" content=\"2026-04-12T13:49:04+00:00\" \/>\n<meta property=\"og:image\" content=\"https:\/\/santalahti.fi\/wp-content\/uploads\/2018\/12\/home.jpg\" \/>\n\t<meta property=\"og:image:width\" content=\"1479\" \/>\n\t<meta property=\"og:image:height\" content=\"768\" \/>\n\t<meta property=\"og:image:type\" content=\"image\/jpeg\" \/>\n<meta name=\"twitter:card\" content=\"summary_large_image\" \/>\n<script type=\"application\/ld+json\" class=\"yoast-schema-graph\">{\"@context\":\"https:\/\/schema.org\",\"@graph\":[{\"@type\":\"WebPage\",\"@id\":\"https:\/\/santalahti.fi\/en\/opening-hours\/\",\"url\":\"https:\/\/santalahti.fi\/en\/opening-hours\/\",\"name\":\"Opening hours - Santalahti Resort - Kotka Finland\",\"isPartOf\":{\"@id\":\"https:\/\/santalahti.fi\/#website\"},\"datePublished\":\"2018-12-13T09:29:28+00:00\",\"dateModified\":\"2026-04-12T13:49:04+00:00\",\"description\":\"Opening hours Santalahti Resort. We are open all year round, we offer accommodation, restaurant services, saunas and meeting facilities\",\"breadcrumb\":{\"@id\":\"https:\/\/santalahti.fi\/en\/opening-hours\/#breadcrumb\"},\"inLanguage\":\"en-US\",\"potentialAction\":[{\"@type\":\"ReadAction\",\"target\":[\"https:\/\/santalahti.fi\/en\/opening-hours\/\"]}]},{\"@type\":\"BreadcrumbList\",\"@id\":\"https:\/\/santalahti.fi\/en\/opening-hours\/#breadcrumb\",\"itemListElement\":[{\"@type\":\"ListItem\",\"position\":1,\"name\":\"Home\",\"item\":\"https:\/\/santalahti.fi\/en\/\"},{\"@type\":\"ListItem\",\"position\":2,\"name\":\"Opening hours\"}]},{\"@type\":\"WebSite\",\"@id\":\"https:\/\/santalahti.fi\/#website\",\"url\":\"https:\/\/santalahti.fi\/\",\"name\":\"Santalahti Resort\",\"description\":\"Official site, Kotka, viiden t\u00e4hden lomakeskus ja leirint\u00e4alue merenrannalla, Etel\u00e4-Suomi\",\"publisher\":{\"@id\":\"https:\/\/santalahti.fi\/#organization\"},\"potentialAction\":[{\"@type\":\"SearchAction\",\"target\":{\"@type\":\"EntryPoint\",\"urlTemplate\":\"https:\/\/santalahti.fi\/?s={search_term_string}\"},\"query-input\":{\"@type\":\"PropertyValueSpecification\",\"valueRequired\":true,\"valueName\":\"search_term_string\"}}],\"inLanguage\":\"en-US\"},{\"@type\":\"Organization\",\"@id\":\"https:\/\/santalahti.fi\/#organization\",\"name\":\"Santalahti Resort\",\"url\":\"https:\/\/santalahti.fi\/\",\"logo\":{\"@type\":\"ImageObject\",\"inLanguage\":\"en-US\",\"@id\":\"https:\/\/santalahti.fi\/#\/schema\/logo\/image\/\",\"url\":\"https:\/\/santalahti.fi\/wp-content\/uploads\/2024\/02\/Santalahti_resort_logo_200.png\",\"contentUrl\":\"https:\/\/santalahti.fi\/wp-content\/uploads\/2024\/02\/Santalahti_resort_logo_200.png\",\"width\":200,\"height\":190,\"caption\":\"Santalahti Resort\"},\"image\":{\"@id\":\"https:\/\/santalahti.fi\/#\/schema\/logo\/image\/\"},\"sameAs\":[\"https:\/\/www.facebook.com\/SantalahtiResort\/\",\"https:\/\/www.instagram.com\/santalahtiresort\/\",\"https:\/\/www.youtube.com\/channel\/UCmu7j89D8rz2eaZU21Aq9Ew\"]}]}<\/script>\n<!-- \/ Yoast SEO plugin. -->","yoast_head_json":{"title":"Opening hours - Santalahti Resort - Kotka Finland","description":"Opening hours Santalahti Resort. We are open all year round, we offer accommodation, restaurant services, saunas and meeting facilities","robots":{"index":"index","follow":"follow","max-snippet":"max-snippet:-1","max-image-preview":"max-image-preview:large","max-video-preview":"max-video-preview:-1"},"canonical":"https:\/\/santalahti.fi\/en\/opening-hours\/","og_locale":"en_US","og_type":"article","og_title":"Opening hours - Santalahti Resort - Kotka Finland","og_description":"Opening hours Santalahti Resort. We are open all year round, we offer accommodation, restaurant services, saunas and meeting facilities","og_url":"https:\/\/santalahti.fi\/en\/opening-hours\/","og_site_name":"Santalahti Resort","article_publisher":"https:\/\/www.facebook.com\/SantalahtiResort\/","article_modified_time":"2026-04-12T13:49:04+00:00","og_image":[{"width":1479,"height":768,"url":"https:\/\/santalahti.fi\/wp-content\/uploads\/2018\/12\/home.jpg","type":"image\/jpeg"}],"twitter_card":"summary_large_image","schema":{"@context":"https:\/\/schema.org","@graph":[{"@type":"WebPage","@id":"https:\/\/santalahti.fi\/en\/opening-hours\/","url":"https:\/\/santalahti.fi\/en\/opening-hours\/","name":"Opening hours - Santalahti Resort - Kotka Finland","isPartOf":{"@id":"https:\/\/santalahti.fi\/#website"},"datePublished":"2018-12-13T09:29:28+00:00","dateModified":"2026-04-12T13:49:04+00:00","description":"Opening hours Santalahti Resort. We are open all year round, we offer accommodation, restaurant services, saunas and meeting facilities","breadcrumb":{"@id":"https:\/\/santalahti.fi\/en\/opening-hours\/#breadcrumb"},"inLanguage":"en-US","potentialAction":[{"@type":"ReadAction","target":["https:\/\/santalahti.fi\/en\/opening-hours\/"]}]},{"@type":"BreadcrumbList","@id":"https:\/\/santalahti.fi\/en\/opening-hours\/#breadcrumb","itemListElement":[{"@type":"ListItem","position":1,"name":"Home","item":"https:\/\/santalahti.fi\/en\/"},{"@type":"ListItem","position":2,"name":"Opening hours"}]},{"@type":"WebSite","@id":"https:\/\/santalahti.fi\/#website","url":"https:\/\/santalahti.fi\/","name":"Santalahti Resort","description":"Official site, Kotka, viiden t\u00e4hden lomakeskus ja leirint\u00e4alue merenrannalla, Etel\u00e4-Suomi","publisher":{"@id":"https:\/\/santalahti.fi\/#organization"},"potentialAction":[{"@type":"SearchAction","target":{"@type":"EntryPoint","urlTemplate":"https:\/\/santalahti.fi\/?s={search_term_string}"},"query-input":{"@type":"PropertyValueSpecification","valueRequired":true,"valueName":"search_term_string"}}],"inLanguage":"en-US"},{"@type":"Organization","@id":"https:\/\/santalahti.fi\/#organization","name":"Santalahti Resort","url":"https:\/\/santalahti.fi\/","logo":{"@type":"ImageObject","inLanguage":"en-US","@id":"https:\/\/santalahti.fi\/#\/schema\/logo\/image\/","url":"https:\/\/santalahti.fi\/wp-content\/uploads\/2024\/02\/Santalahti_resort_logo_200.png","contentUrl":"https:\/\/santalahti.fi\/wp-content\/uploads\/2024\/02\/Santalahti_resort_logo_200.png","width":200,"height":190,"caption":"Santalahti Resort"},"image":{"@id":"https:\/\/santalahti.fi\/#\/schema\/logo\/image\/"},"sameAs":["https:\/\/www.facebook.com\/SantalahtiResort\/","https:\/\/www.instagram.com\/santalahtiresort\/","https:\/\/www.youtube.com\/channel\/UCmu7j89D8rz2eaZU21Aq9Ew"]}]}},"_links":{"self":[{"href":"https:\/\/santalahti.fi\/en\/wp-json\/wp\/v2\/pages\/1111","targetHints":{"allow":["GET"]}}],"collection":[{"href":"https:\/\/santalahti.fi\/en\/wp-json\/wp\/v2\/pages"}],"about":[{"href":"https:\/\/santalahti.fi\/en\/wp-json\/wp\/v2\/types\/page"}],"author":[{"embeddable":true,"href":"https:\/\/santalahti.fi\/en\/wp-json\/wp\/v2\/users\/4"}],"replies":[{"embeddable":true,"href":"https:\/\/santalahti.fi\/en\/wp-json\/wp\/v2\/comments?post=1111"}],"version-history":[{"count":233,"href":"https:\/\/santalahti.fi\/en\/wp-json\/wp\/v2\/pages\/1111\/revisions"}],"predecessor-version":[{"id":20211,"href":"https:\/\/santalahti.fi\/en\/wp-json\/wp\/v2\/pages\/1111\/revisions\/20211"}],"wp:attachment":[{"href":"https:\/\/santalahti.fi\/en\/wp-json\/wp\/v2\/media?parent=1111"}],"curies":[{"name":"wp","href":"https:\/\/api.w.org\/{rel}","templated":true}]}}